{"id":527,"date":"2018-09-26T07:28:08","date_gmt":"2018-09-26T05:28:08","guid":{"rendered":"https:\/\/www.funebru.be\/wpfune\/?page_id=527"},"modified":"2018-10-10T08:28:07","modified_gmt":"2018-10-10T06:28:07","slug":"acces-a-vos-donnees","status":"publish","type":"page","link":"https:\/\/www.funebru.be\/wpfune\/acces-a-vos-donnees\/","title":{"rendered":"Acc\u00e8s \u00e0 vos donn\u00e9es"},"content":{"rendered":"Sur cette page, vous avez acc\u00e8s \u00e0 vos <a href=\"https:\/\/www.funebru.be\/wpfune\/acces-a-vos-donnees\/\" class=\"more-link\">(suite\u2026)<\/a>","protected":false},"excerpt":{"rendered":"<p>Sur cette page, vous avez acc\u00e8s \u00e0 vos (suite\u2026)<\/p>\n","protected":false},"author":1,"featured_media":0,"parent":0,"menu_order":0,"comment_status":"closed","ping_status":"closed","template":"","meta":{"footnotes":""},"class_list":["post-527","page","type-page","status-publish","hentry"],"_links":{"self":[{"href":"https:\/\/www.funebru.be\/wpfune\/wp-json\/wp\/v2\/pages\/527","targetHints":{"allow":["GET"]}}],"collection":[{"href":"https:\/\/www.funebru.be\/wpfune\/wp-json\/wp\/v2\/pages"}],"about":[{"href":"https:\/\/www.funebru.be\/wpfune\/wp-json\/wp\/v2\/types\/page"}],"author":[{"embeddable":true,"href":"https:\/\/www.funebru.be\/wpfune\/wp-json\/wp\/v2\/users\/1"}],"replies":[{"embeddable":true,"href":"https:\/\/www.funebru.be\/wpfune\/wp-json\/wp\/v2\/comments?post=527"}],"version-history":[{"count":6,"href":"https:\/\/www.funebru.be\/wpfune\/wp-json\/wp\/v2\/pages\/527\/revisions"}],"predecessor-version":[{"id":547,"href":"https:\/\/www.funebru.be\/wpfune\/wp-json\/wp\/v2\/pages\/527\/revisions\/547"}],"wp:attachment":[{"href":"https:\/\/www.funebru.be\/wpfune\/wp-json\/wp\/v2\/media?parent=527"}],"curies":[{"name":"wp","href":"https:\/\/api.w.org\/{rel}","templated":true}]}}